{"id":1124,"date":"2022-11-21T12:29:16","date_gmt":"2022-11-21T11:29:16","guid":{"rendered":"https:\/\/philippelehardi.fr\/?page_id=1124"},"modified":"2022-11-22T11:29:41","modified_gmt":"2022-11-22T10:29:41","slug":"our-commitments","status":"publish","type":"page","link":"https:\/\/philippelehardi.fr\/en\/our-commitments\/","title":{"rendered":"Our commitments"},"content":{"rendered":"<section class=\"full blanc\" style=\"background: #24315C;\">\n<div class=\"one-half first eng-1\"><img decoding=\"async\" class=\"bg\" src=\"https:\/\/philippelehardi.fr\/wp-content\/uploads\/2022\/07\/vignes.jpg\" alt=\"vignes\" \/><\/p>\n<p><span>A RESPONSIBLE<br \/>\nESTATE<br \/>\n<\/span><\/p>\n<\/div>\n<div class=\"one-half\">\n<div class=\"eng-2\">\n<div class=\"eng-slide\">\n<div class=\"eng-texte-1 slid\">\n<p align=\"justify\">Exemplarity and commitment are strong values at the Domaine, inherited from the Duke of Burgundy, known as Le Hardi (the Bold) due to the courage he showed in battle. In 2021, Philippe Le Hardi started its conversion to Organic Agriculture with the aim of obtaining certification for the entire vineyard in 2024. This decision is part of a process of reflection: respect for the environment has been a guiding principle since the acquisition of the Ch\u00e2teau by the Cr\u00e9dit Agricole in 1997. In 2004, Terra Vitis certification. In 2015, the Domaine also obtained High Environmental Value certification.<\/p>\n<\/div>\n<div class=\"eng-texte-2 slid\">\n<p align=\"justify\">A conversion that meets the ecological challenges of the time: landscape regeneration, preservation of soil fertility, stimulation\/reactivation of biodiversity. A change in terms of culture and cultivation for this 98 hectare estate, which includes 35 climats, spread over the C\u00f4te de Nuits, the C\u00f4te de Beaune and the C\u00f4te Chalonnaise.<\/p>\n<p><!--a class=\"charte\" href=\"https:\/\/philippelehardi.fr\/wp-content\/uploads\/2021\/12\/Charte-CAGrandsCrus.pdf\">T\u00e9l\u00e9chargez notre charte<\/a--><\/p>\n<\/div>\n<\/div>\n<\/div>\n<div class=\"plusmoins\"><a class=\"eng-suite\">\u00a0<\/a><a class=\"eng-suite-2\">\u00a0<\/a><\/div>\n<div class=\"slogan\">\n<p>&#8220;Our goal is to build a sustainable, fertile future.&#8221; Anne Le Naour, Executive Director<\/p>\n<\/div>\n<\/div>\n<\/section>\n<div id=\"timeline\">\n<div class=\"timeline-wrap\">\n<section class=\"timeline\"><img decoding=\"async\" class=\"alignleft img-1\" src=\"https:\/\/philippelehardi.fr\/wp-content\/uploads\/2021\/12\/raisin-histoire.jpg\" alt=\"img-timeline\" \/><\/p>\n<div class=\"time-text\">\n<p><span><br \/>\n&#8220;Because it is the work today<br \/>\n that will bear fruit tomorrow.\u201d<\/span>\n<\/p>\n<\/div>\n<ol>\n<li>\n<div>Engagement<br \/>\ndans une d\u00e9marche de management environnemental pour le Domaine<br \/>\n<time>1998<\/time>|<\/div>\n<\/li>\n<li>\n<div>|<time>2004<\/time>Obtention de la certification <br \/>Terra Vitis<br \/><img decoding=\"async\" src=\"https:\/\/cagrandscrus.fr\/wp-content\/uploads\/2021\/11\/logo-terra-vitis.png\" alt=\"Terra Vitis\" width=\"150\" height=\"65\" \/><\/div>\n<\/li>\n<li>\n<div>1ers essais en itin\u00e9raire agriculture biologique dans le vignoble<time>2008<\/time> |<\/div>\n<\/li>\n<li>\n<div>|<time>2015<\/time>Installation de 43 ruches sur nos parcelle de Mercurey et Saint-Aubin et 1er mill\u00e9sime certifi\u00e9 Haute Valeur Environnementale<br \/>\n<img decoding=\"async\" src=\"https:\/\/cagrandscrus.fr\/wp-content\/uploads\/2021\/11\/Logo-HVE.png\" alt=\"HVE\" width=\"100\" height=\"100\" \/><\/div>\n<\/li>\n<li>\n<div>Formalisation de l\u2019engagement RSE de l&#8217;ensemble des propri\u00e9t\u00e9s du Groupe<br \/>\n<time>2017<\/time>|<\/div>\n<\/li>\n<li>\n<div>|<time>2017<\/time>Abandon de 100% des insecticides, herbicides et anti-botrytis.<\/div>\n<\/li>\n<li>\n<div>\nInt\u00e9gration d\u2019\u00e9l\u00e9ments de Biodiversit\u00e9 dans la plantation de vignes en zone<br \/>\nNATURA 2000<time>2020<\/time>|<\/div>\n<\/li>\n<li>\n<div>|<time>2021<\/time>D\u00e9but de la conversion en agriculture biologique du Domaine.<\/div>\n<\/li>\n<li>\n<div>\n1er Mill\u00e9sime certifi\u00e9 Bio<time>2024<\/time>|<\/div>\n<\/li>\n<li>\n<div><\/div>\n<\/li>\n<li><\/li>\n<\/ol>\n<\/section>\n<div class=\"arrows\">\n<a class=\"arrow arrow__prev\"><\/a><a class=\"arrow arrow__next\"><\/a>\n<\/div>\n<\/div>\n<\/div>\n","protected":false},"excerpt":{"rendered":"<p>A RESPONSIBLE ESTATE Exemplarity and commitment are strong values at the Domaine, inherited from the Duke of Burgundy, known as Le Hardi (the Bold) due to the courage he showed in battle. In 2021, Philippe Le Hardi started its conversion to Organic Agriculture with the aim of obtaining certification for the entire vineyard in 2024. [&hellip;]<\/p>\n","protected":false},"author":2,"featured_media":0,"parent":0,"menu_order":0,"comment_status":"closed","ping_status":"closed","template":"","meta":{"_genesis_hide_title":false,"_genesis_hide_breadcrumbs":false,"_genesis_hide_singular_image":false,"_genesis_hide_footer_widgets":false,"_genesis_custom_body_class":"","_genesis_custom_post_class":"","_genesis_layout":"","footnotes":""},"class_list":{"0":"post-1124","1":"page","2":"type-page","3":"status-publish","5":"entry"},"rttpg_featured_image_url":null,"rttpg_author":{"display_name":"verticalsystem","author_link":"https:\/\/philippelehardi.fr\/en\/author\/verticalsystem\/"},"rttpg_comment":0,"rttpg_category":false,"rttpg_excerpt":"A RESPONSIBLE ESTATE Exemplarity and commitment are strong values at the Domaine, inherited from the Duke of Burgundy, known as Le Hardi (the Bold) due to the courage he showed in battle. In 2021, Philippe Le Hardi started its conversion to Organic Agriculture with the aim of obtaining certification for the entire vineyard in 2024.&hellip;","_links":{"self":[{"href":"https:\/\/philippelehardi.fr\/en\/wp-json\/wp\/v2\/pages\/1124","targetHints":{"allow":["GET"]}}],"collection":[{"href":"https:\/\/philippelehardi.fr\/en\/wp-json\/wp\/v2\/pages"}],"about":[{"href":"https:\/\/philippelehardi.fr\/en\/wp-json\/wp\/v2\/types\/page"}],"author":[{"embeddable":true,"href":"https:\/\/philippelehardi.fr\/en\/wp-json\/wp\/v2\/users\/2"}],"replies":[{"embeddable":true,"href":"https:\/\/philippelehardi.fr\/en\/wp-json\/wp\/v2\/comments?post=1124"}],"version-history":[{"count":3,"href":"https:\/\/philippelehardi.fr\/en\/wp-json\/wp\/v2\/pages\/1124\/revisions"}],"predecessor-version":[{"id":1214,"href":"https:\/\/philippelehardi.fr\/en\/wp-json\/wp\/v2\/pages\/1124\/revisions\/1214"}],"wp:attachment":[{"href":"https:\/\/philippelehardi.fr\/en\/wp-json\/wp\/v2\/media?parent=1124"}],"curies":[{"name":"wp","href":"https:\/\/api.w.org\/{rel}","templated":true}]}}