{"id":1129,"date":"2022-11-21T13:32:23","date_gmt":"2022-11-21T12:32:23","guid":{"rendered":"https:\/\/philippelehardi.fr\/?page_id=1129"},"modified":"2022-11-21T13:40:46","modified_gmt":"2022-11-21T12:40:46","slug":"events","status":"publish","type":"page","link":"https:\/\/philippelehardi.fr\/en\/events\/","title":{"rendered":"EVENTS"},"content":{"rendered":"<section class=\"full\" style=\"background:url(https:\/\/philippelehardi.fr\/wp-content\/uploads\/2022\/05\/chateau-santenay-1-1.jpg)\">\n<h1 class=\"blanc\" style=\"font-size:50px\">ORGANIZE YOUR EVENTS AT THE CHATEAU<\/h1>\n<\/section>\n<section class=\"full fond-champagne\" style=\"color:#838383;text-align:center\">\n<a class=\"bouton\" href=\"#formulaire\">INFORMATION REQUEST<\/a><\/p>\n<h2 style=\"font-size:40px\">&#8220;BURGUNDY-STYLE&#8221; HOSPITALITY<\/h2>\n<p style=\"text-align:justify; padding:0 20px\">The Ch\u00e2teau boasts an exceptional history and architecture, but it also offers an exceptional atmosphere. Hospitality is deeply rooted in Burgundian traditions. There are countless stories of tours of wineries, during which the winegrower has no thought for time as they share their passion. &#8220;At the Domaine du Ch\u00e2teau Philippe le Hardi, I am committed to preserving and sharing the Burgundian spirit,&#8221; enthuses Chlo\u00e9 Deroy, the Domaine&#8217;s private client manager. The Ch\u00e2teau\u2019s doors have always been open. Word of mouth works wonders. Nearly 20,000 visitors a year are warmly received for a tour of the winery and a tasting of our various wines. It is an intense experience.<br \/>\nThis sense of hospitality is also reflected in a wide range of events, including customized, premium-quality services. Seminars, product launches, weddings, and fun team-leading activities can all be arranged in our magnificent reception rooms and private facilities with sophisticated equipment. A happy combination of professionalism and conviviality.<br \/>\n&#8220;There are numerous formats for all kinds of events. People always enjoy the Ch\u00e2teau\u2019s busy, lively environment.\u201d Jean-Philippe Archambaud, Director of the Domaine.\n<\/p>\n<p><img decoding=\"async\" src=\"https:\/\/philippelehardi.fr\/wp-content\/uploads\/2022\/07\/evenements-1.png\" alt=\"evenements\" width=\"1259\" height=\"588\" class=\"aligncenter size-full wp-image-568\" \/><\/p>\n<div id=\"formulaire\" class=\"formulaire\">\n<div class=\"wpcf7 no-js\" id=\"wpcf7-f1132-o1\" lang=\"fr-FR\" dir=\"ltr\" data-wpcf7-id=\"1132\">\n<div class=\"screen-reader-response\"><p role=\"status\" aria-live=\"polite\" aria-atomic=\"true\"><\/p> <ul><\/ul><\/div>\n<form action=\"\/en\/wp-json\/wp\/v2\/pages\/1129#wpcf7-f1132-o1\" method=\"post\" class=\"wpcf7-form init\" aria-label=\"Formulaire de contact\" novalidate=\"novalidate\" data-status=\"init\">\n<fieldset class=\"hidden-fields-container\"><input type=\"hidden\" name=\"_wpcf7\" value=\"1132\" \/><input type=\"hidden\" name=\"_wpcf7_version\" value=\"6.1.5\" \/><input type=\"hidden\" name=\"_wpcf7_locale\" value=\"fr_FR\" \/><input type=\"hidden\" name=\"_wpcf7_unit_tag\" value=\"wpcf7-f1132-o1\" \/><input type=\"hidden\" name=\"_wpcf7_container_post\" value=\"0\" \/><input type=\"hidden\" name=\"_wpcf7_posted_data_hash\" value=\"\" \/>\n<\/fieldset>\n<p><span class=\"titre-form\">Information request<\/span>\n<\/p>\n<p><span class=\"wpcf7-form-control-wrap\" data-name=\"nom\"><input size=\"40\" maxlength=\"400\" class=\"wpcf7-form-control wpcf7-text wpcf7-validates-as-required\" aria-required=\"true\" aria-invalid=\"false\" placeholder=\"Name\" value=\"\" type=\"text\" name=\"nom\" \/><\/span><br \/>\n<span class=\"wpcf7-form-control-wrap\" data-name=\"prenom\"><input size=\"40\" maxlength=\"400\" class=\"wpcf7-form-control wpcf7-text\" aria-invalid=\"false\" placeholder=\"First Name\" value=\"\" type=\"text\" name=\"prenom\" \/><\/span><br \/>\n<span class=\"wpcf7-form-control-wrap\" data-name=\"your-email\"><input size=\"40\" maxlength=\"400\" class=\"wpcf7-form-control wpcf7-email wpcf7-validates-as-required wpcf7-text wpcf7-validates-as-email\" aria-required=\"true\" aria-invalid=\"false\" placeholder=\"Email\" value=\"\" type=\"email\" name=\"your-email\" \/><\/span><br \/>\n<span class=\"wpcf7-form-control-wrap\" data-name=\"tel\"><input size=\"40\" maxlength=\"400\" class=\"wpcf7-form-control wpcf7-text wpcf7-validates-as-required\" aria-required=\"true\" aria-invalid=\"false\" placeholder=\"Phone\" value=\"\" type=\"text\" name=\"tel\" \/><\/span><br \/>\n<span class=\"wpcf7-form-control-wrap\" data-name=\"societe\"><input size=\"40\" maxlength=\"400\" class=\"wpcf7-form-control wpcf7-text\" aria-invalid=\"false\" placeholder=\"Company\" value=\"\" type=\"text\" name=\"societe\" \/><\/span><br \/>\n<span class=\"wpcf7-form-control-wrap\" data-name=\"pays\"><input size=\"40\" maxlength=\"400\" class=\"wpcf7-form-control wpcf7-text\" aria-invalid=\"false\" placeholder=\"Country\" value=\"\" type=\"text\" name=\"pays\" \/><\/span><br \/>\n<span class=\"wpcf7-form-control-wrap\" data-name=\"cp\"><input size=\"40\" maxlength=\"400\" class=\"wpcf7-form-control wpcf7-text\" aria-invalid=\"false\" placeholder=\"Zip code\" value=\"\" type=\"text\" name=\"cp\" \/><\/span><br \/>\n<span class=\"wpcf7-form-control-wrap\" data-name=\"nombre\"><input size=\"40\" maxlength=\"400\" class=\"wpcf7-form-control wpcf7-text\" aria-invalid=\"false\" placeholder=\"Number of guests\" value=\"\" type=\"text\" name=\"nombre\" \/><\/span><br \/>\n<span class=\"wpcf7-form-control-wrap\" data-name=\"your-message\"><textarea cols=\"40\" rows=\"10\" maxlength=\"2000\" class=\"wpcf7-form-control wpcf7-textarea\" aria-invalid=\"false\" placeholder=\"Your message\" name=\"your-message\"><\/textarea><\/span>\n<\/p>\n<p><input class=\"wpcf7-form-control wpcf7-submit has-spinner\" type=\"submit\" value=\"Send\" \/>\n<\/p><input type='hidden' class='wpcf7-pum' value='{\"closepopup\":false,\"closedelay\":0,\"openpopup\":false,\"openpopup_id\":0}' \/><div class=\"wpcf7-response-output\" aria-hidden=\"true\"><\/div>\n<\/form>\n<\/div>\n<\/div>\n","protected":false},"excerpt":{"rendered":"<p>ORGANIZE YOUR EVENTS AT THE CHATEAU INFORMATION REQUEST &#8220;BURGUNDY-STYLE&#8221; HOSPITALITY The Ch\u00e2teau boasts an exceptional history and architecture, but it also offers an exceptional atmosphere. Hospitality is deeply rooted in Burgundian traditions. There are countless stories of tours of wineries, during which the winegrower has no thought for time as they share their passion. &#8220;At [&hellip;]<\/p>\n","protected":false},"author":2,"featured_media":0,"parent":0,"menu_order":0,"comment_status":"closed","ping_status":"closed","template":"","meta":{"_genesis_hide_title":false,"_genesis_hide_breadcrumbs":false,"_genesis_hide_singular_image":false,"_genesis_hide_footer_widgets":false,"_genesis_custom_body_class":"","_genesis_custom_post_class":"","_genesis_layout":"","footnotes":""},"class_list":{"0":"post-1129","1":"page","2":"type-page","3":"status-publish","5":"entry"},"rttpg_featured_image_url":null,"rttpg_author":{"display_name":"verticalsystem","author_link":"https:\/\/philippelehardi.fr\/en\/author\/verticalsystem\/"},"rttpg_comment":0,"rttpg_category":" <a href=\"https:\/\/philippelehardi.fr\/en\/?taxonomy=translation_priority&#038;term=optional\" rel=\"tag\">Optional<\/a>","rttpg_excerpt":"ORGANIZE YOUR EVENTS AT THE CHATEAU INFORMATION REQUEST &#8220;BURGUNDY-STYLE&#8221; HOSPITALITY The Ch\u00e2teau boasts an exceptional history and architecture, but it also offers an exceptional atmosphere. Hospitality is deeply rooted in Burgundian traditions. There are countless stories of tours of wineries, during which the winegrower has no thought for time as they share their passion. &#8220;At&hellip;","_links":{"self":[{"href":"https:\/\/philippelehardi.fr\/en\/wp-json\/wp\/v2\/pages\/1129","targetHints":{"allow":["GET"]}}],"collection":[{"href":"https:\/\/philippelehardi.fr\/en\/wp-json\/wp\/v2\/pages"}],"about":[{"href":"https:\/\/philippelehardi.fr\/en\/wp-json\/wp\/v2\/types\/page"}],"author":[{"embeddable":true,"href":"https:\/\/philippelehardi.fr\/en\/wp-json\/wp\/v2\/users\/2"}],"replies":[{"embeddable":true,"href":"https:\/\/philippelehardi.fr\/en\/wp-json\/wp\/v2\/comments?post=1129"}],"version-history":[{"count":3,"href":"https:\/\/philippelehardi.fr\/en\/wp-json\/wp\/v2\/pages\/1129\/revisions"}],"predecessor-version":[{"id":1133,"href":"https:\/\/philippelehardi.fr\/en\/wp-json\/wp\/v2\/pages\/1129\/revisions\/1133"}],"wp:attachment":[{"href":"https:\/\/philippelehardi.fr\/en\/wp-json\/wp\/v2\/media?parent=1129"}],"curies":[{"name":"wp","href":"https:\/\/api.w.org\/{rel}","templated":true}]}}