{"id":1156,"date":"2022-11-21T13:58:30","date_gmt":"2022-11-21T12:58:30","guid":{"rendered":"https:\/\/philippelehardi.fr\/?page_id=1156"},"modified":"2022-11-22T11:31:43","modified_gmt":"2022-11-22T10:31:43","slug":"our-history","status":"publish","type":"page","link":"https:\/\/philippelehardi.fr\/en\/our-history\/","title":{"rendered":"Our history"},"content":{"rendered":"<p><!--section class=\"full demi\" style=\"background:url(https:\/\/philippelehardi.fr\/wp-content\/uploads\/2022\/05\/notre-histoire.jpg)\">\n\n\n<h1 class=\"blanc\">OUR HISTORY<\/h1>\n\n\n\n\n<h2 class=\"blanc\" style=\"font-size:50px\">Ch\u00e2teau Philippe Le Hardi,<br \/>Notre Nom De Toujours<\/h2>\n\n<\/section>\n\n\n\n\n<section class=\"full demi fond-champagne\">\nAu Sud de la C\u00f4te de Beaune, le ch\u00e2teau surplombe de sa majestueuse architecture le village de Santenay. \u00c0 partir de 1372, ce fief est possession du duc de Bourgogne Philippe le Hardi. Sous le double vocable, Ch\u00e2teau de Santenay et Ch\u00e2teau Philippe le Hardi, la propri\u00e9t\u00e9 a b\u00e2ti sa r\u00e9putation des si\u00e8cles durant. La reprise du nom originel a \u00e9t\u00e9 motiv\u00e9e par la valorisation de l\u2019identit\u00e9 historique, intimement li\u00e9e \u00e0 l\u2019histoire des vins de Bourgogne par la c\u00e9l\u00e8bre Ordonnance de 1395.\n<a href=\"#slider\"><span class=\"suite\"><\/span><\/a>\n<\/section-->\n<section id=\"slider\" class=\"full\" style=\"padding-top:0\">\n<br \/>\n<br \/>\n<\/section>\n","protected":false},"excerpt":{"rendered":"","protected":false},"author":2,"featured_media":0,"parent":0,"menu_order":0,"comment_status":"closed","ping_status":"closed","template":"","meta":{"_genesis_hide_title":false,"_genesis_hide_breadcrumbs":false,"_genesis_hide_singular_image":false,"_genesis_hide_footer_widgets":false,"_genesis_custom_body_class":"","_genesis_custom_post_class":"","_genesis_layout":"","footnotes":""},"class_list":{"0":"post-1156","1":"page","2":"type-page","3":"status-publish","5":"entry"},"rttpg_featured_image_url":null,"rttpg_author":{"display_name":"verticalsystem","author_link":"https:\/\/philippelehardi.fr\/en\/author\/verticalsystem\/"},"rttpg_comment":0,"rttpg_category":false,"rttpg_excerpt":null,"_links":{"self":[{"href":"https:\/\/philippelehardi.fr\/en\/wp-json\/wp\/v2\/pages\/1156","targetHints":{"allow":["GET"]}}],"collection":[{"href":"https:\/\/philippelehardi.fr\/en\/wp-json\/wp\/v2\/pages"}],"about":[{"href":"https:\/\/philippelehardi.fr\/en\/wp-json\/wp\/v2\/types\/page"}],"author":[{"embeddable":true,"href":"https:\/\/philippelehardi.fr\/en\/wp-json\/wp\/v2\/users\/2"}],"replies":[{"embeddable":true,"href":"https:\/\/philippelehardi.fr\/en\/wp-json\/wp\/v2\/comments?post=1156"}],"version-history":[{"count":4,"href":"https:\/\/philippelehardi.fr\/en\/wp-json\/wp\/v2\/pages\/1156\/revisions"}],"predecessor-version":[{"id":1216,"href":"https:\/\/philippelehardi.fr\/en\/wp-json\/wp\/v2\/pages\/1156\/revisions\/1216"}],"wp:attachment":[{"href":"https:\/\/philippelehardi.fr\/en\/wp-json\/wp\/v2\/media?parent=1156"}],"curies":[{"name":"wp","href":"https:\/\/api.w.org\/{rel}","templated":true}]}}